{"id":14,"date":"2024-03-07T10:01:44","date_gmt":"2024-03-07T07:01:44","guid":{"rendered":"https:\/\/engitect.io\/?page_id=14"},"modified":"2024-04-18T11:57:07","modified_gmt":"2024-04-18T08:57:07","slug":"egitimler","status":"publish","type":"page","link":"https:\/\/engitect.io\/?page_id=14","title":{"rendered":"E\u011fitimler"},"content":{"rendered":"\n<h5 class=\"wp-block-heading has-text-align-center\">&#8220;Yenilik\u00e7i bir gelecek i\u00e7in ad\u0131m at\u0131n! Biz, e\u011fitim ve dan\u0131\u015fmanl\u0131kta s\u0131n\u0131rlar\u0131 a\u015fan bir d\u00f6neme \u00f6nc\u00fcl\u00fck ediyoruz. Yapay zeka teknolojimizle, bireylerin potansiyelini ke\u015ffetmelerine ve hedeflerine do\u011fru ilerlemelerine rehberlik ediyoruz. Her bir \u00f6\u011frenci ve profesyonel i\u00e7in \u00f6zelle\u015ftirilmi\u015f \u00e7\u00f6z\u00fcmler sunarak, ba\u015far\u0131ya giden yolda bir ad\u0131m \u00f6nde olmalar\u0131n\u0131 sa\u011fl\u0131yoruz. Dinamik ve interaktif platformumuzla, bilgiyi d\u00f6n\u00fc\u015ft\u00fcr\u00fcyor, ilham\u0131 yay\u0131yor ve gelece\u011fin liderlerini \u015fekillendiriyoruz. Siz de bizimle birlikte, d\u00f6n\u00fc\u015f\u00fcm\u00fcn ve ba\u015far\u0131n\u0131n g\u00fcc\u00fcne kat\u0131l\u0131n!&#8221;<\/h5>\n","protected":false},"excerpt":{"rendered":"<p>&#8220;Yenilik\u00e7i bir gelecek i\u00e7in ad\u0131m at\u0131n! Biz, e\u011fitim ve dan\u0131\u015fmanl\u0131kta s\u0131n\u0131rlar\u0131 a\u015fan bir d\u00f6neme \u00f6nc\u00fcl\u00fck ediyoruz. Yapay zeka teknolojimizle, bireylerin potansiyelini ke\u015ffetmelerine ve hedeflerine do\u011fru ilerlemelerine rehberlik ediyoruz. Her bir \u00f6\u011frenci ve profesyonel i\u00e7in \u00f6zelle\u015ftirilmi\u015f \u00e7\u00f6z\u00fcmler sunarak, ba\u015far\u0131ya giden yolda bir ad\u0131m \u00f6nde olmalar\u0131n\u0131 sa\u011fl\u0131yoruz. Dinamik ve interaktif platformumuzla, bilgiyi d\u00f6n\u00fc\u015ft\u00fcr\u00fcyor, ilham\u0131 yay\u0131yor ve gelece\u011fin [&hellip;]<\/p>\n","protected":false},"author":1,"featured_media":43,"parent":0,"menu_order":0,"comment_status":"closed","ping_status":"closed","template":"","meta":{"footnotes":""},"class_list":["post-14","page","type-page","status-publish","has-post-thumbnail","hentry"],"_links":{"self":[{"href":"https:\/\/engitect.io\/index.php?rest_route=\/wp\/v2\/pages\/14","targetHints":{"allow":["GET"]}}],"collection":[{"href":"https:\/\/engitect.io\/index.php?rest_route=\/wp\/v2\/pages"}],"about":[{"href":"https:\/\/engitect.io\/index.php?rest_route=\/wp\/v2\/types\/page"}],"author":[{"embeddable":true,"href":"https:\/\/engitect.io\/index.php?rest_route=\/wp\/v2\/users\/1"}],"replies":[{"embeddable":true,"href":"https:\/\/engitect.io\/index.php?rest_route=%2Fwp%2Fv2%2Fcomments&post=14"}],"version-history":[{"count":4,"href":"https:\/\/engitect.io\/index.php?rest_route=\/wp\/v2\/pages\/14\/revisions"}],"predecessor-version":[{"id":56,"href":"https:\/\/engitect.io\/index.php?rest_route=\/wp\/v2\/pages\/14\/revisions\/56"}],"wp:featuredmedia":[{"embeddable":true,"href":"https:\/\/engitect.io\/index.php?rest_route=\/wp\/v2\/media\/43"}],"wp:attachment":[{"href":"https:\/\/engitect.io\/index.php?rest_route=%2Fwp%2Fv2%2Fmedia&parent=14"}],"curies":[{"name":"wp","href":"https:\/\/api.w.org\/{rel}","templated":true}]}}